{"id":2,"date":"2021-07-08T08:41:12","date_gmt":"2021-07-08T08:41:12","guid":{"rendered":"https:\/\/alejandroguzman.cat\/?page_id=2"},"modified":"2021-07-09T08:04:03","modified_gmt":"2021-07-09T08:04:03","slug":"sample-page","status":"publish","type":"page","link":"https:\/\/alejandroguzman.cat\/","title":{"rendered":"Inici"},"content":{"rendered":"\n<p>.<\/p>\n\n\n\n<p>.<\/p>\n\n\n\n<p>.<\/p>\n\n\n\n<p>.<\/p>\n\n\n\n<p>.<\/p>\n\n\n\n<p class=\"has-green-background-color has-background has-extra-small-font-size\">Hola, soc l&#8217;Alejandro Guzm\u00e1n, terapeuta Gestalt.  Aquesta p\u00e0gina t&#8217;explicar\u00e9 la meva experiencia amb la Gestalt.<\/p>\n","protected":false},"excerpt":{"rendered":"<p>. . . . . Hola, soc l&#8217;Alejandro Guzm\u00e1n, terapeuta Gestalt. Aquesta p\u00e0gina t&#8217;explicar\u00e9 la meva experiencia amb la Gestalt.<\/p>\n","protected":false},"author":1,"featured_media":0,"parent":0,"menu_order":0,"comment_status":"closed","ping_status":"open","template":"","meta":{"footnotes":""},"class_list":["post-2","page","type-page","status-publish","hentry","entry"],"yoast_head":"<!-- This site is optimized with the Yoast SEO plugin v27.3 - https:\/\/yoast.com\/product\/yoast-seo-wordpress\/ -->\n<title>Inici - Alejandro Guzm\u00e1n<\/title>\n<meta name=\"robots\" content=\"index, follow, max-snippet:-1, max-image-preview:large, max-video-preview:-1\" \/>\n<link rel=\"canonical\" href=\"https:\/\/alejandroguzman.cat\/\" \/>\n<meta property=\"og:locale\" content=\"ca_ES\" \/>\n<meta property=\"og:type\" content=\"article\" \/>\n<meta property=\"og:title\" content=\"Inici - Alejandro Guzm\u00e1n\" \/>\n<meta property=\"og:description\" content=\". . . . . Hola, soc l&#8217;Alejandro Guzm\u00e1n, terapeuta Gestalt. Aquesta p\u00e0gina t&#8217;explicar\u00e9 la meva experiencia amb la Gestalt.\" \/>\n<meta property=\"og:url\" content=\"https:\/\/alejandroguzman.cat\/\" \/>\n<meta property=\"og:site_name\" content=\"Alejandro Guzm\u00e1n\" \/>\n<meta property=\"article:modified_time\" content=\"2021-07-09T08:04:03+00:00\" \/>\n<meta name=\"twitter:card\" content=\"summary_large_image\" \/>\n<meta name=\"twitter:label1\" content=\"Temps estimat de lectura\" \/>\n\t<meta name=\"twitter:data1\" content=\"1 minut\" \/>\n<script type=\"application\/ld+json\" class=\"yoast-schema-graph\">{\"@context\":\"https:\\\/\\\/schema.org\",\"@graph\":[{\"@type\":\"WebPage\",\"@id\":\"https:\\\/\\\/alejandroguzman.cat\\\/\",\"url\":\"https:\\\/\\\/alejandroguzman.cat\\\/\",\"name\":\"Inici - Alejandro Guzm\u00e1n\",\"isPartOf\":{\"@id\":\"https:\\\/\\\/alejandroguzman.cat\\\/#website\"},\"datePublished\":\"2021-07-08T08:41:12+00:00\",\"dateModified\":\"2021-07-09T08:04:03+00:00\",\"breadcrumb\":{\"@id\":\"https:\\\/\\\/alejandroguzman.cat\\\/#breadcrumb\"},\"inLanguage\":\"ca\",\"potentialAction\":[{\"@type\":\"ReadAction\",\"target\":[\"https:\\\/\\\/alejandroguzman.cat\\\/\"]}]},{\"@type\":\"BreadcrumbList\",\"@id\":\"https:\\\/\\\/alejandroguzman.cat\\\/#breadcrumb\",\"itemListElement\":[{\"@type\":\"ListItem\",\"position\":1,\"name\":\"Inici\",\"item\":\"https:\\\/\\\/alejandroguzman.cat\\\/\"},{\"@type\":\"ListItem\",\"position\":2,\"name\":\"Inici\"}]},{\"@type\":\"WebSite\",\"@id\":\"https:\\\/\\\/alejandroguzman.cat\\\/#website\",\"url\":\"https:\\\/\\\/alejandroguzman.cat\\\/\",\"name\":\"Alejandro Guzm\u00e1n\",\"description\":\"Terapeuta Gestalt\",\"potentialAction\":[{\"@type\":\"SearchAction\",\"target\":{\"@type\":\"EntryPoint\",\"urlTemplate\":\"https:\\\/\\\/alejandroguzman.cat\\\/?s={search_term_string}\"},\"query-input\":{\"@type\":\"PropertyValueSpecification\",\"valueRequired\":true,\"valueName\":\"search_term_string\"}}],\"inLanguage\":\"ca\"}]}<\/script>\n<!-- \/ Yoast SEO plugin. -->","yoast_head_json":{"title":"Inici - Alejandro Guzm\u00e1n","robots":{"index":"index","follow":"follow","max-snippet":"max-snippet:-1","max-image-preview":"max-image-preview:large","max-video-preview":"max-video-preview:-1"},"canonical":"https:\/\/alejandroguzman.cat\/","og_locale":"ca_ES","og_type":"article","og_title":"Inici - Alejandro Guzm\u00e1n","og_description":". . . . . Hola, soc l&#8217;Alejandro Guzm\u00e1n, terapeuta Gestalt. Aquesta p\u00e0gina t&#8217;explicar\u00e9 la meva experiencia amb la Gestalt.","og_url":"https:\/\/alejandroguzman.cat\/","og_site_name":"Alejandro Guzm\u00e1n","article_modified_time":"2021-07-09T08:04:03+00:00","twitter_card":"summary_large_image","twitter_misc":{"Temps estimat de lectura":"1 minut"},"schema":{"@context":"https:\/\/schema.org","@graph":[{"@type":"WebPage","@id":"https:\/\/alejandroguzman.cat\/","url":"https:\/\/alejandroguzman.cat\/","name":"Inici - Alejandro Guzm\u00e1n","isPartOf":{"@id":"https:\/\/alejandroguzman.cat\/#website"},"datePublished":"2021-07-08T08:41:12+00:00","dateModified":"2021-07-09T08:04:03+00:00","breadcrumb":{"@id":"https:\/\/alejandroguzman.cat\/#breadcrumb"},"inLanguage":"ca","potentialAction":[{"@type":"ReadAction","target":["https:\/\/alejandroguzman.cat\/"]}]},{"@type":"BreadcrumbList","@id":"https:\/\/alejandroguzman.cat\/#breadcrumb","itemListElement":[{"@type":"ListItem","position":1,"name":"Inici","item":"https:\/\/alejandroguzman.cat\/"},{"@type":"ListItem","position":2,"name":"Inici"}]},{"@type":"WebSite","@id":"https:\/\/alejandroguzman.cat\/#website","url":"https:\/\/alejandroguzman.cat\/","name":"Alejandro Guzm\u00e1n","description":"Terapeuta Gestalt","potentialAction":[{"@type":"SearchAction","target":{"@type":"EntryPoint","urlTemplate":"https:\/\/alejandroguzman.cat\/?s={search_term_string}"},"query-input":{"@type":"PropertyValueSpecification","valueRequired":true,"valueName":"search_term_string"}}],"inLanguage":"ca"}]}},"jetpack-related-posts":[],"jetpack_sharing_enabled":true,"_links":{"self":[{"href":"https:\/\/alejandroguzman.cat\/index.php?rest_route=\/wp\/v2\/pages\/2","targetHints":{"allow":["GET"]}}],"collection":[{"href":"https:\/\/alejandroguzman.cat\/index.php?rest_route=\/wp\/v2\/pages"}],"about":[{"href":"https:\/\/alejandroguzman.cat\/index.php?rest_route=\/wp\/v2\/types\/page"}],"author":[{"embeddable":true,"href":"https:\/\/alejandroguzman.cat\/index.php?rest_route=\/wp\/v2\/users\/1"}],"replies":[{"embeddable":true,"href":"https:\/\/alejandroguzman.cat\/index.php?rest_route=%2Fwp%2Fv2%2Fcomments&post=2"}],"version-history":[{"count":6,"href":"https:\/\/alejandroguzman.cat\/index.php?rest_route=\/wp\/v2\/pages\/2\/revisions"}],"predecessor-version":[{"id":27,"href":"https:\/\/alejandroguzman.cat\/index.php?rest_route=\/wp\/v2\/pages\/2\/revisions\/27"}],"wp:attachment":[{"href":"https:\/\/alejandroguzman.cat\/index.php?rest_route=%2Fwp%2Fv2%2Fmedia&parent=2"}],"curies":[{"name":"wp","href":"https:\/\/api.w.org\/{rel}","templated":true}]}}